{"id":102,"date":"2024-05-16T18:09:40","date_gmt":"2024-05-16T18:09:40","guid":{"rendered":"https:\/\/getpaid.coinsnap.org\/?page_id=102"},"modified":"2025-03-10T09:36:30","modified_gmt":"2025-03-10T09:36:30","slug":"home","status":"publish","type":"page","link":"https:\/\/getpaid.coinsnap.org\/de\/","title":{"rendered":"Home"},"content":{"rendered":"<div class=\"wpb-content-wrapper\">[vc_row full_width=&#8220;stretch_row&#8220; fullwidth=&#8220;yes&#8220; background_color=&#8220;#6393c7&#8243; css=&#8220;.vc_custom_1713527353394{margin-top: -50px !important;}&#8220;][vc_column][vc_empty_space height=&#8220;70px&#8220;][vc_column_text]\r\n<h1 style=\"text-align: center;\"><span style=\"color: #ffffff;\">Akzeptiere Bitcoin und Lightning<\/span>\r\n<span style=\"color: #ffffff;\">mit Coinsnap f\u00fcr GetPaid<\/span><\/h1>\r\n<p style=\"text-align: center;\"><span style=\"color: #ffffff;\">Bitcoin\/Lightning-Zahlungen in Onlineshop akzeptieren\u00a0<\/span><\/p>\r\n[\/vc_column_text][vc_empty_space height=&#8220;40px&#8220;][\/vc_column][\/vc_row][vc_row][vc_column][vc_empty_space height=&#8220;40px&#8220;][vc_column_text]Nutzt du Gravity Forms, AffiliateWP, Contact Form 7, Ninja Forms oder GeoDirectory und m\u00f6chtest Bitcoin- und Lightning-Zahlungen akzeptieren? Dann ist die L\u00f6sung ganz einfach: Installiere das Coinsnap f\u00fcr GetPaid Plugin.\r\n\r\nGetPaid ist ein vielseitiges Bezahl-Plugin f\u00fcr WordPress. Es erm\u00f6glicht Website-Betreibern nicht nur den Verkauf einzelner Produkte oder das Annehmen von Spenden \u00fcber einen Bezahlbutton, sondern kann auch nahtlos als Add-On in andere Anwendungen wie Gravity Forms, AffiliateWP, Contact Form 7, Ninja Forms oder GeoDirectory integriert werden.\r\n\r\nMit GetPaid stehen zahlreiche Payment Gateways zu verschiedenen Payment Service Providern zur Verf\u00fcgung, darunter auch eine Anbindung an das Bitcoin Payment Gateway von Coinsnap f\u00fcr die Abwicklung von Bitcoin- und Lightning-Zahlungen.\r\n\r\nWenn du also Bitcoin- und Lightning-Zahlungen in Gravity Forms, AffiliateWP, Contact Form 7, Ninja Forms oder GeoDirectory erm\u00f6glichen m\u00f6chtest, installiere einfach die kostenlosen Plugins von GetPaid und Coinsnap for GetPaid.[\/vc_column_text][vc_empty_space height=&#8220;40px&#8220;][\/vc_column][\/vc_row][vc_row full_width=&#8220;stretch_row&#8220;][vc_column]\r\n\r\n[vc_empty_space height=&#8220;40px&#8220;][\/vc_column][\/vc_row][vc_row full_width=&#8220;stretch_row&#8220; fullwidth=&#8220;yes&#8220; background_color=&#8220;#ffffff&#8220;][vc_column][vc_empty_space height=&#8220;40px&#8220;][vc_column_text]\r\n<h2 class=\"has-text-align-center\">So kannst Du mit GetPaid Spenden erhalten:<\/h2>\r\n<!-- \/wp:post-content -->\r\n\r\n[\/vc_column_text][vc_row_inner][vc_column_inner width=&#8220;1\/4&#8243;][\/vc_column_inner][vc_column_inner width=&#8220;1\/2&#8243;][vc_column_text]\r\n\r\n<!-- wp:paragraph {\"align\":\"center\"} -->\r\n\r\n<div class=\"getpaid bsui sdel-39f2192d\" ><button class='btn btn-primary getpaid-payment-button' type='button' data-item='17'>Buy Now<\/button><\/div>\r\n\r\n<!-- \/wp:paragraph -->\r\n\r\n&nbsp;\r\n\r\n[\/vc_column_text][\/vc_column_inner][vc_column_inner width=&#8220;1\/4&#8243;][\/vc_column_inner][\/vc_row_inner][vc_empty_space height=&#8220;40px&#8220;][\/vc_column][\/vc_row]<\/div>","protected":false},"excerpt":{"rendered":"<p>[vc_row full_width=&#8220;stretch_row&#8220; fullwidth=&#8220;yes&#8220; background_color=&#8220;#6393c7&#8243; css=&#8220;.vc_custom_1713527353394{margin-top: -50px !important;}&#8220;][vc_column][vc_empty_space height=&#8220;70px&#8220;][vc_column_text] Akzeptiere Bitcoin und Lightning mit Coinsnap f\u00fcr GetPaid Bitcoin\/Lightning-Zahlungen in Onlineshop akzeptieren\u00a0 [&hellip;]<\/p>\n","protected":false},"author":1,"featured_media":0,"parent":0,"menu_order":0,"comment_status":"closed","ping_status":"closed","template":"","meta":{"footnotes":""},"class_list":["post-102","page","type-page","status-publish","hentry"],"_links":{"self":[{"href":"https:\/\/getpaid.coinsnap.org\/de\/wp-json\/wp\/v2\/pages\/102","targetHints":{"allow":["GET"]}}],"collection":[{"href":"https:\/\/getpaid.coinsnap.org\/de\/wp-json\/wp\/v2\/pages"}],"about":[{"href":"https:\/\/getpaid.coinsnap.org\/de\/wp-json\/wp\/v2\/types\/page"}],"author":[{"embeddable":true,"href":"https:\/\/getpaid.coinsnap.org\/de\/wp-json\/wp\/v2\/users\/1"}],"replies":[{"embeddable":true,"href":"https:\/\/getpaid.coinsnap.org\/de\/wp-json\/wp\/v2\/comments?post=102"}],"version-history":[{"count":3,"href":"https:\/\/getpaid.coinsnap.org\/de\/wp-json\/wp\/v2\/pages\/102\/revisions"}],"predecessor-version":[{"id":187,"href":"https:\/\/getpaid.coinsnap.org\/de\/wp-json\/wp\/v2\/pages\/102\/revisions\/187"}],"wp:attachment":[{"href":"https:\/\/getpaid.coinsnap.org\/de\/wp-json\/wp\/v2\/media?parent=102"}],"curies":[{"name":"wp","href":"https:\/\/api.w.org\/{rel}","templated":true}]}}